{"id":7138,"date":"2022-11-27T20:33:09","date_gmt":"2022-11-27T19:33:09","guid":{"rendered":"https:\/\/www.sskb.sk\/2022\/?page_id=7138"},"modified":"2022-11-27T20:39:23","modified_gmt":"2022-11-27T19:39:23","slug":"pregradualne-vzdelavanie","status":"publish","type":"page","link":"https:\/\/www.sskb.sk\/2022\/vzdelavanie\/pregradualne-vzdelavanie\/","title":{"rendered":"Pregradu\u00e1lne vzdel\u00e1vanie"},"content":{"rendered":"\t\t<div data-elementor-type=\"wp-page\" data-elementor-id=\"7138\" class=\"elementor elementor-7138\" data-elementor-post-type=\"page\">\n\t\t\t\t\t\t<section class=\"elementor-section elementor-top-section elementor-element elementor-element-60076bb9 elementor-section-boxed elementor-section-height-default elementor-section-height-default\" data-id=\"60076bb9\" data-element_type=\"section\" data-e-type=\"section\">\n\t\t\t\t\t\t<div class=\"elementor-container elementor-column-gap-default\">\n\t\t\t\t\t<div class=\"elementor-column elementor-col-50 elementor-top-column elementor-element elementor-element-45e949f8\" data-id=\"45e949f8\" data-element_type=\"column\" data-e-type=\"column\">\n\t\t\t<div class=\"elementor-widget-wrap elementor-element-populated\">\n\t\t\t\t\t\t<section class=\"elementor-section elementor-inner-section elementor-element elementor-element-47c21d4 elementor-section-boxed elementor-section-height-default elementor-section-height-default\" data-id=\"47c21d4\" data-element_type=\"section\" data-e-type=\"section\">\n\t\t\t\t\t\t<div class=\"elementor-container elementor-column-gap-default\">\n\t\t\t\t\t<div class=\"elementor-column elementor-col-100 elementor-inner-column elementor-element elementor-element-440d7af8\" data-id=\"440d7af8\" data-element_type=\"column\" data-e-type=\"column\">\n\t\t\t<div class=\"elementor-widget-wrap elementor-element-populated\">\n\t\t\t\t\t\t<div class=\"elementor-element elementor-element-51b68cdc elementor-nav-menu__align-start elementor-nav-menu--dropdown-none elementor-widget elementor-widget-nav-menu\" data-id=\"51b68cdc\" data-element_type=\"widget\" data-e-type=\"widget\" data-settings=\"{&quot;layout&quot;:&quot;vertical&quot;,&quot;submenu_icon&quot;:{&quot;value&quot;:&quot;&lt;i class=\\&quot;\\&quot; aria-hidden=\\&quot;true\\&quot;&gt;&lt;\\\/i&gt;&quot;,&quot;library&quot;:&quot;&quot;}}\" data-widget_type=\"nav-menu.default\">\n\t\t\t\t<div class=\"elementor-widget-container\">\n\t\t\t\t\t\t\t\t<nav aria-label=\"Menu\" class=\"elementor-nav-menu--main elementor-nav-menu__container elementor-nav-menu--layout-vertical e--pointer-background e--animation-grow\">\n\t\t\t\t<ul id=\"menu-1-51b68cdc\" class=\"elementor-nav-menu sm-vertical\"><li class=\"menu-item menu-item-type-post_type menu-item-object-page menu-item-7144\"><a href=\"https:\/\/www.sskb.sk\/2022\/vzdelavanie\/pregradualne-vzdelavanie\/\" class=\"elementor-item\">Pregradu\u00e1lne vzdel\u00e1vanie<\/a><\/li>\n<li class=\"menu-item menu-item-type-post_type menu-item-object-page menu-item-7149\"><a href=\"https:\/\/www.sskb.sk\/2022\/vzdelavanie\/postgradualne-vzdelavanie\/\" class=\"elementor-item\">Postgradu\u00e1lne vzdel\u00e1vanie<\/a><\/li>\n<li class=\"menu-item menu-item-type-post_type menu-item-object-page menu-item-7150\"><a href=\"https:\/\/www.sskb.sk\/2022\/vzdelavanie\/webinare-a-e-learning\/\" class=\"elementor-item\">Webin\u00e1re a e-learning<\/a><\/li>\n<\/ul>\t\t\t<\/nav>\n\t\t\t\t\t\t<nav class=\"elementor-nav-menu--dropdown elementor-nav-menu__container\" aria-hidden=\"true\">\n\t\t\t\t<ul id=\"menu-2-51b68cdc\" class=\"elementor-nav-menu sm-vertical\"><li class=\"menu-item menu-item-type-post_type menu-item-object-page menu-item-7144\"><a href=\"https:\/\/www.sskb.sk\/2022\/vzdelavanie\/pregradualne-vzdelavanie\/\" class=\"elementor-item\" tabindex=\"-1\">Pregradu\u00e1lne vzdel\u00e1vanie<\/a><\/li>\n<li class=\"menu-item menu-item-type-post_type menu-item-object-page menu-item-7149\"><a href=\"https:\/\/www.sskb.sk\/2022\/vzdelavanie\/postgradualne-vzdelavanie\/\" class=\"elementor-item\" tabindex=\"-1\">Postgradu\u00e1lne vzdel\u00e1vanie<\/a><\/li>\n<li class=\"menu-item menu-item-type-post_type menu-item-object-page menu-item-7150\"><a href=\"https:\/\/www.sskb.sk\/2022\/vzdelavanie\/webinare-a-e-learning\/\" class=\"elementor-item\" tabindex=\"-1\">Webin\u00e1re a e-learning<\/a><\/li>\n<\/ul>\t\t\t<\/nav>\n\t\t\t\t\t\t<\/div>\n\t\t\t\t<\/div>\n\t\t\t\t\t<\/div>\n\t\t<\/div>\n\t\t\t\t\t<\/div>\n\t\t<\/section>\n\t\t\t\t\t<\/div>\n\t\t<\/div>\n\t\t\t\t<div class=\"elementor-column elementor-col-50 elementor-top-column elementor-element elementor-element-6800c701\" data-id=\"6800c701\" data-element_type=\"column\" data-e-type=\"column\">\n\t\t\t<div class=\"elementor-widget-wrap elementor-element-populated\">\n\t\t\t\t\t\t<div class=\"elementor-element elementor-element-3f880838 elementor-widget elementor-widget-text-editor\" data-id=\"3f880838\" data-element_type=\"widget\" data-e-type=\"widget\" data-widget_type=\"text-editor.default\">\n\t\t\t\t<div class=\"elementor-widget-container\">\n\t\t\t\t\t\t\t\t\t<h1>Pregradu\u00e1lne vzdel\u00e1vanie<\/h1><p>Str\u00e1nka venovan\u00e1 pregradu\u00e1lnej v\u00fduke klnickej bioch\u00e9mie. Aktu\u00e1lne v pr\u00edprave.<\/p>\t\t\t\t\t\t\t\t<\/div>\n\t\t\t\t<\/div>\n\t\t\t\t\t<\/div>\n\t\t<\/div>\n\t\t\t\t\t<\/div>\n\t\t<\/section>\n\t\t\t\t<section class=\"elementor-section elementor-top-section elementor-element elementor-element-45e85cd8 elementor-section-boxed elementor-section-height-default elementor-section-height-default\" data-id=\"45e85cd8\" data-element_type=\"section\" data-e-type=\"section\">\n\t\t\t\t\t\t<div class=\"elementor-container elementor-column-gap-default\">\n\t\t\t\t\t<div class=\"elementor-column elementor-col-100 elementor-top-column elementor-element elementor-element-1812c594\" data-id=\"1812c594\" data-element_type=\"column\" data-e-type=\"column\">\n\t\t\t<div class=\"elementor-widget-wrap\">\n\t\t\t\t\t\t\t<\/div>\n\t\t<\/div>\n\t\t\t\t\t<\/div>\n\t\t<\/section>\n\t\t\t\t<\/div>\n\t\t","protected":false},"excerpt":{"rendered":"<p>Pregradu\u00e1lne vzdel\u00e1vanie Str\u00e1nka venovan\u00e1 pregradu\u00e1lnej v\u00fduke klnickej bioch\u00e9mie. Aktu\u00e1lne v pr\u00edprave.<\/p>\n","protected":false},"author":3471,"featured_media":0,"parent":27,"menu_order":0,"comment_status":"closed","ping_status":"closed","template":"","meta":{"footnotes":""},"class_list":["post-7138","page","type-page","status-publish","hentry"],"yoast_head":"<!-- This site is optimized with the Yoast SEO plugin v27.4 - https:\/\/yoast.com\/product\/yoast-seo-wordpress\/ -->\n<title>Pregradu\u00e1lne vzdel\u00e1vanie - SSKB SLS<\/title>\n<meta name=\"robots\" content=\"index, follow, max-snippet:-1, max-image-preview:large, max-video-preview:-1\" \/>\n<link rel=\"canonical\" href=\"https:\/\/www.sskb.sk\/2022\/vzdelavanie\/pregradualne-vzdelavanie\/\" \/>\n<meta property=\"og:locale\" content=\"sk_SK\" \/>\n<meta property=\"og:type\" content=\"article\" \/>\n<meta property=\"og:title\" content=\"Pregradu\u00e1lne vzdel\u00e1vanie - SSKB SLS\" \/>\n<meta property=\"og:description\" content=\"Pregradu\u00e1lne vzdel\u00e1vanie Str\u00e1nka venovan\u00e1 pregradu\u00e1lnej v\u00fduke klnickej bioch\u00e9mie. Aktu\u00e1lne v pr\u00edprave.\" \/>\n<meta property=\"og:url\" content=\"https:\/\/www.sskb.sk\/2022\/vzdelavanie\/pregradualne-vzdelavanie\/\" \/>\n<meta property=\"og:site_name\" content=\"SSKB SLS\" \/>\n<meta property=\"article:modified_time\" content=\"2022-11-27T19:39:23+00:00\" \/>\n<meta name=\"twitter:card\" content=\"summary_large_image\" \/>\n<meta name=\"twitter:label1\" content=\"Predpokladan\u00fd \u010das \u010d\u00edtania\" \/>\n\t<meta name=\"twitter:data1\" content=\"1 min\u00fata\" \/>\n<script type=\"application\/ld+json\" class=\"yoast-schema-graph\">{\"@context\":\"https:\\\/\\\/schema.org\",\"@graph\":[{\"@type\":\"WebPage\",\"@id\":\"https:\\\/\\\/www.sskb.sk\\\/2022\\\/vzdelavanie\\\/pregradualne-vzdelavanie\\\/\",\"url\":\"https:\\\/\\\/www.sskb.sk\\\/2022\\\/vzdelavanie\\\/pregradualne-vzdelavanie\\\/\",\"name\":\"Pregradu\u00e1lne vzdel\u00e1vanie - SSKB SLS\",\"isPartOf\":{\"@id\":\"https:\\\/\\\/www.sskb.sk\\\/2022\\\/#website\"},\"datePublished\":\"2022-11-27T19:33:09+00:00\",\"dateModified\":\"2022-11-27T19:39:23+00:00\",\"breadcrumb\":{\"@id\":\"https:\\\/\\\/www.sskb.sk\\\/2022\\\/vzdelavanie\\\/pregradualne-vzdelavanie\\\/#breadcrumb\"},\"inLanguage\":\"sk-SK\",\"potentialAction\":[{\"@type\":\"ReadAction\",\"target\":[\"https:\\\/\\\/www.sskb.sk\\\/2022\\\/vzdelavanie\\\/pregradualne-vzdelavanie\\\/\"]}]},{\"@type\":\"BreadcrumbList\",\"@id\":\"https:\\\/\\\/www.sskb.sk\\\/2022\\\/vzdelavanie\\\/pregradualne-vzdelavanie\\\/#breadcrumb\",\"itemListElement\":[{\"@type\":\"ListItem\",\"position\":1,\"name\":\"Domovsk\u00e1 str\u00e1nka\",\"item\":\"https:\\\/\\\/www.sskb.sk\\\/2022\\\/\"},{\"@type\":\"ListItem\",\"position\":2,\"name\":\"Vzdel\u00e1vanie\",\"item\":\"https:\\\/\\\/www.sskb.sk\\\/2022\\\/vzdelavanie\\\/\"},{\"@type\":\"ListItem\",\"position\":3,\"name\":\"Pregradu\u00e1lne vzdel\u00e1vanie\"}]},{\"@type\":\"WebSite\",\"@id\":\"https:\\\/\\\/www.sskb.sk\\\/2022\\\/#website\",\"url\":\"https:\\\/\\\/www.sskb.sk\\\/2022\\\/\",\"name\":\"SSKB SLS\",\"description\":\"Slovensk\u00e1 spolo\u010dnos\u0165 klinickej bioch\u00e9mie\",\"publisher\":{\"@id\":\"https:\\\/\\\/www.sskb.sk\\\/2022\\\/#organization\"},\"potentialAction\":[{\"@type\":\"SearchAction\",\"target\":{\"@type\":\"EntryPoint\",\"urlTemplate\":\"https:\\\/\\\/www.sskb.sk\\\/2022\\\/?s={search_term_string}\"},\"query-input\":{\"@type\":\"PropertyValueSpecification\",\"valueRequired\":true,\"valueName\":\"search_term_string\"}}],\"inLanguage\":\"sk-SK\"},{\"@type\":\"Organization\",\"@id\":\"https:\\\/\\\/www.sskb.sk\\\/2022\\\/#organization\",\"name\":\"SSKB SLS\",\"url\":\"https:\\\/\\\/www.sskb.sk\\\/2022\\\/\",\"logo\":{\"@type\":\"ImageObject\",\"inLanguage\":\"sk-SK\",\"@id\":\"https:\\\/\\\/www.sskb.sk\\\/2022\\\/#\\\/schema\\\/logo\\\/image\\\/\",\"url\":\"https:\\\/\\\/www.sskb.sk\\\/2022\\\/wp-content\\\/uploads\\\/2022\\\/09\\\/logo_klinicka-biochemia_SK-100.png\",\"contentUrl\":\"https:\\\/\\\/www.sskb.sk\\\/2022\\\/wp-content\\\/uploads\\\/2022\\\/09\\\/logo_klinicka-biochemia_SK-100.png\",\"width\":100,\"height\":98,\"caption\":\"SSKB SLS\"},\"image\":{\"@id\":\"https:\\\/\\\/www.sskb.sk\\\/2022\\\/#\\\/schema\\\/logo\\\/image\\\/\"}}]}<\/script>\n<!-- \/ Yoast SEO plugin. -->","yoast_head_json":{"title":"Pregradu\u00e1lne vzdel\u00e1vanie - SSKB SLS","robots":{"index":"index","follow":"follow","max-snippet":"max-snippet:-1","max-image-preview":"max-image-preview:large","max-video-preview":"max-video-preview:-1"},"canonical":"https:\/\/www.sskb.sk\/2022\/vzdelavanie\/pregradualne-vzdelavanie\/","og_locale":"sk_SK","og_type":"article","og_title":"Pregradu\u00e1lne vzdel\u00e1vanie - SSKB SLS","og_description":"Pregradu\u00e1lne vzdel\u00e1vanie Str\u00e1nka venovan\u00e1 pregradu\u00e1lnej v\u00fduke klnickej bioch\u00e9mie. Aktu\u00e1lne v pr\u00edprave.","og_url":"https:\/\/www.sskb.sk\/2022\/vzdelavanie\/pregradualne-vzdelavanie\/","og_site_name":"SSKB SLS","article_modified_time":"2022-11-27T19:39:23+00:00","twitter_card":"summary_large_image","twitter_misc":{"Predpokladan\u00fd \u010das \u010d\u00edtania":"1 min\u00fata"},"schema":{"@context":"https:\/\/schema.org","@graph":[{"@type":"WebPage","@id":"https:\/\/www.sskb.sk\/2022\/vzdelavanie\/pregradualne-vzdelavanie\/","url":"https:\/\/www.sskb.sk\/2022\/vzdelavanie\/pregradualne-vzdelavanie\/","name":"Pregradu\u00e1lne vzdel\u00e1vanie - SSKB SLS","isPartOf":{"@id":"https:\/\/www.sskb.sk\/2022\/#website"},"datePublished":"2022-11-27T19:33:09+00:00","dateModified":"2022-11-27T19:39:23+00:00","breadcrumb":{"@id":"https:\/\/www.sskb.sk\/2022\/vzdelavanie\/pregradualne-vzdelavanie\/#breadcrumb"},"inLanguage":"sk-SK","potentialAction":[{"@type":"ReadAction","target":["https:\/\/www.sskb.sk\/2022\/vzdelavanie\/pregradualne-vzdelavanie\/"]}]},{"@type":"BreadcrumbList","@id":"https:\/\/www.sskb.sk\/2022\/vzdelavanie\/pregradualne-vzdelavanie\/#breadcrumb","itemListElement":[{"@type":"ListItem","position":1,"name":"Domovsk\u00e1 str\u00e1nka","item":"https:\/\/www.sskb.sk\/2022\/"},{"@type":"ListItem","position":2,"name":"Vzdel\u00e1vanie","item":"https:\/\/www.sskb.sk\/2022\/vzdelavanie\/"},{"@type":"ListItem","position":3,"name":"Pregradu\u00e1lne vzdel\u00e1vanie"}]},{"@type":"WebSite","@id":"https:\/\/www.sskb.sk\/2022\/#website","url":"https:\/\/www.sskb.sk\/2022\/","name":"SSKB SLS","description":"Slovensk\u00e1 spolo\u010dnos\u0165 klinickej bioch\u00e9mie","publisher":{"@id":"https:\/\/www.sskb.sk\/2022\/#organization"},"potentialAction":[{"@type":"SearchAction","target":{"@type":"EntryPoint","urlTemplate":"https:\/\/www.sskb.sk\/2022\/?s={search_term_string}"},"query-input":{"@type":"PropertyValueSpecification","valueRequired":true,"valueName":"search_term_string"}}],"inLanguage":"sk-SK"},{"@type":"Organization","@id":"https:\/\/www.sskb.sk\/2022\/#organization","name":"SSKB SLS","url":"https:\/\/www.sskb.sk\/2022\/","logo":{"@type":"ImageObject","inLanguage":"sk-SK","@id":"https:\/\/www.sskb.sk\/2022\/#\/schema\/logo\/image\/","url":"https:\/\/www.sskb.sk\/2022\/wp-content\/uploads\/2022\/09\/logo_klinicka-biochemia_SK-100.png","contentUrl":"https:\/\/www.sskb.sk\/2022\/wp-content\/uploads\/2022\/09\/logo_klinicka-biochemia_SK-100.png","width":100,"height":98,"caption":"SSKB SLS"},"image":{"@id":"https:\/\/www.sskb.sk\/2022\/#\/schema\/logo\/image\/"}}]}},"_links":{"self":[{"href":"https:\/\/www.sskb.sk\/2022\/wp-json\/wp\/v2\/pages\/7138","targetHints":{"allow":["GET"]}}],"collection":[{"href":"https:\/\/www.sskb.sk\/2022\/wp-json\/wp\/v2\/pages"}],"about":[{"href":"https:\/\/www.sskb.sk\/2022\/wp-json\/wp\/v2\/types\/page"}],"author":[{"embeddable":true,"href":"https:\/\/www.sskb.sk\/2022\/wp-json\/wp\/v2\/users\/3471"}],"replies":[{"embeddable":true,"href":"https:\/\/www.sskb.sk\/2022\/wp-json\/wp\/v2\/comments?post=7138"}],"version-history":[{"count":5,"href":"https:\/\/www.sskb.sk\/2022\/wp-json\/wp\/v2\/pages\/7138\/revisions"}],"predecessor-version":[{"id":7156,"href":"https:\/\/www.sskb.sk\/2022\/wp-json\/wp\/v2\/pages\/7138\/revisions\/7156"}],"up":[{"embeddable":true,"href":"https:\/\/www.sskb.sk\/2022\/wp-json\/wp\/v2\/pages\/27"}],"wp:attachment":[{"href":"https:\/\/www.sskb.sk\/2022\/wp-json\/wp\/v2\/media?parent=7138"}],"curies":[{"name":"wp","href":"https:\/\/api.w.org\/{rel}","templated":true}]}}