{"id":8148,"date":"2023-07-18T14:10:25","date_gmt":"2023-07-18T13:10:25","guid":{"rendered":"https:\/\/www.sskb.sk\/2022\/?page_id=8148"},"modified":"2024-08-09T08:22:51","modified_gmt":"2024-08-09T07:22:51","slug":"kongres-2024-reg","status":"publish","type":"page","link":"https:\/\/www.sskb.sk\/2022\/kongres-2024-reg\/","title":{"rendered":"XV. Kongres SSKB &#8211; Registr\u00e1cia"},"content":{"rendered":"\n<div id=\"invitonApiWrap\">\n\n        <div style=\"text-align: center; padding-top: 60px;\">\n\n            Loading <a href=\"https:\/\/www.inviton.sk\/online-predaj-vstupeniek\" target=\"_blank\" rel=\"noopener\">Online predaj vstupeniek<\/a>, please wait&#8230;\n\n        <\/div>\n\n    <\/div>\n    <script>\n        (function (i, n, v, l, t, o, m) {\n            if (!i['InvitonApiObject']) {\n                var cq = [], ia = { showLoading: function (d) { function f(p, q) { h += '<div class=\"' + p + '\">' + (q ? '<\/div>' : '') } function g(p) { f('rect' + p, !0) } var h = ''; f('holdon-content'), f('sk-rect'); for (var j = 1; 6 > j; j++)g(j); h += '<\/div><\/div>'; var k = document.createElement('div'); k.setAttribute('class', 'holdon-white holdon-overlay holdon-element'), k.innerHTML = h, d.appendChild(k) }, pushCommand: function (d, f, g) { null != g && null != g.targetElement && !1 != g.blockElem && ia.showLoading(g.targetElement), cq.push([d, f, g]) }, getQueue: function () { return cq } }, gcd = function () { var d = new Date, f = d.getMinutes(); return 1 == Math.abs(f % 2) && (d = new Date(d.getTime() - 6e4)), d.setSeconds(0), d.setMilliseconds(0), d.getTime() }; i.InvitonApiObject = ia, o = n.createElement('style'), o.innerHTML = '.holdon-overlay{position:absolute;left:0;top:0;bottom:0;right:0;background:#000;background:rgba(0,0,0,.48);z-index:99999;cursor:wait}.holdon-content{width:50px;height:57px;position:absolute;top:50%;left:50%;margin:-21px 0 0 -25px}.sk-rect{width:50px;height:40px;text-align:center;font-size:10px}.sk-rect>div{background-color:#b3b3b3;height:100%;width:6px;display:inline-block;-webkit-animation:sk-rect-anim 1.2s infinite ease-in-out;animation:sk-rect-anim 1.2s infinite ease-in-out;margin-left:2px}.sk-rect .rect2{-webkit-animation-delay:-1.1s;animation-delay:-1.1s}.sk-rect .rect3{-webkit-animation-delay:-1s;animation-delay:-1s}.sk-rect .rect4{-webkit-animation-delay:-.9s;animation-delay:-.9s}.sk-rect .rect5{-webkit-animation-delay:-.8s;animation-delay:-.8s}@-webkit-keyframes sk-rect-anim{0%,100%,40%{-webkit-transform:scaleY(.4)}20%{-webkit-transform:scaleY(1)}}@keyframes sk-rect-anim{0%,100%,40%{transform:scaleY(.4);-webkit-transform:scaleY(.4)}20%{transform:scaleY(1);-webkit-transform:scaleY(1)}}.holdon-white.holdon-overlay{background:rgba(255,255,255,.9)}.holdon-white.holdon-overlay .sk-rect>div{background-color:#cecece}', n.head.appendChild(o), i[t] = function (d, f, g) { ia.pushCommand(d, f, g) }, o = n.createElement(v), m = n.getElementsByTagName(v)[0], o.async = 1, o.src = l + '?v=' + gcd(), m.parentNode.insertBefore(o, m);\n            }\n        })(window, document, 'script', 'https:\/\/inviton-cdn.azureedge.net\/clientside-api\/js\/api-loader', 'invitonApi');\n\n        invitonApi('ticketSelector', 'renderForIds', {\n            language: 'sk', \/\/sk, en, cs, de, pl, lv, auto [determines based on browser]\n            eventIds: [16437, 16438],\n            targetElement: document.getElementById('invitonApiWrap'),\n            ticketSelector: {\n                renderGrouping: [\n                    { name: 'Konferen\u010dn\u00fd poplatok', ticketDateIds: [38242, 38243, 38244, 38245, 38246] },\n                    { name: 'Strava', ticketDateIds: [38247, 38248, 38249] },\n                ]\n            }\n        })\n    <\/script>\n","protected":false},"excerpt":{"rendered":"<p>Loading Online predaj vstupeniek, please wait&#8230;<\/p>\n","protected":false},"author":1,"featured_media":0,"parent":0,"menu_order":0,"comment_status":"closed","ping_status":"closed","template":"","meta":{"footnotes":""},"class_list":["post-8148","page","type-page","status-publish","hentry"],"yoast_head":"<!-- This site is optimized with the Yoast SEO plugin v27.4 - https:\/\/yoast.com\/product\/yoast-seo-wordpress\/ -->\n<title>XV. Kongres SSKB - Registr\u00e1cia - SSKB SLS<\/title>\n<meta name=\"robots\" content=\"index, follow, max-snippet:-1, max-image-preview:large, max-video-preview:-1\" \/>\n<link rel=\"canonical\" href=\"https:\/\/www.sskb.sk\/2022\/kongres-2024-reg\/\" \/>\n<meta property=\"og:locale\" content=\"sk_SK\" \/>\n<meta property=\"og:type\" content=\"article\" \/>\n<meta property=\"og:title\" content=\"XV. Kongres SSKB - Registr\u00e1cia - SSKB SLS\" \/>\n<meta property=\"og:description\" content=\"Loading Online predaj vstupeniek, please wait&#8230;\" \/>\n<meta property=\"og:url\" content=\"https:\/\/www.sskb.sk\/2022\/kongres-2024-reg\/\" \/>\n<meta property=\"og:site_name\" content=\"SSKB SLS\" \/>\n<meta property=\"article:modified_time\" content=\"2024-08-09T07:22:51+00:00\" \/>\n<meta name=\"twitter:card\" content=\"summary_large_image\" \/>\n<meta name=\"twitter:label1\" content=\"Predpokladan\u00fd \u010das \u010d\u00edtania\" \/>\n\t<meta name=\"twitter:data1\" content=\"1 min\u00fata\" \/>\n<script type=\"application\/ld+json\" class=\"yoast-schema-graph\">{\"@context\":\"https:\\\/\\\/schema.org\",\"@graph\":[{\"@type\":\"WebPage\",\"@id\":\"https:\\\/\\\/www.sskb.sk\\\/2022\\\/kongres-2024-reg\\\/\",\"url\":\"https:\\\/\\\/www.sskb.sk\\\/2022\\\/kongres-2024-reg\\\/\",\"name\":\"XV. Kongres SSKB - Registr\u00e1cia - SSKB SLS\",\"isPartOf\":{\"@id\":\"https:\\\/\\\/www.sskb.sk\\\/2022\\\/#website\"},\"datePublished\":\"2023-07-18T13:10:25+00:00\",\"dateModified\":\"2024-08-09T07:22:51+00:00\",\"breadcrumb\":{\"@id\":\"https:\\\/\\\/www.sskb.sk\\\/2022\\\/kongres-2024-reg\\\/#breadcrumb\"},\"inLanguage\":\"sk-SK\",\"potentialAction\":[{\"@type\":\"ReadAction\",\"target\":[\"https:\\\/\\\/www.sskb.sk\\\/2022\\\/kongres-2024-reg\\\/\"]}]},{\"@type\":\"BreadcrumbList\",\"@id\":\"https:\\\/\\\/www.sskb.sk\\\/2022\\\/kongres-2024-reg\\\/#breadcrumb\",\"itemListElement\":[{\"@type\":\"ListItem\",\"position\":1,\"name\":\"Domovsk\u00e1 str\u00e1nka\",\"item\":\"https:\\\/\\\/www.sskb.sk\\\/2022\\\/\"},{\"@type\":\"ListItem\",\"position\":2,\"name\":\"XV. Kongres SSKB &#8211; Registr\u00e1cia\"}]},{\"@type\":\"WebSite\",\"@id\":\"https:\\\/\\\/www.sskb.sk\\\/2022\\\/#website\",\"url\":\"https:\\\/\\\/www.sskb.sk\\\/2022\\\/\",\"name\":\"SSKB SLS\",\"description\":\"Slovensk\u00e1 spolo\u010dnos\u0165 klinickej bioch\u00e9mie\",\"publisher\":{\"@id\":\"https:\\\/\\\/www.sskb.sk\\\/2022\\\/#organization\"},\"potentialAction\":[{\"@type\":\"SearchAction\",\"target\":{\"@type\":\"EntryPoint\",\"urlTemplate\":\"https:\\\/\\\/www.sskb.sk\\\/2022\\\/?s={search_term_string}\"},\"query-input\":{\"@type\":\"PropertyValueSpecification\",\"valueRequired\":true,\"valueName\":\"search_term_string\"}}],\"inLanguage\":\"sk-SK\"},{\"@type\":\"Organization\",\"@id\":\"https:\\\/\\\/www.sskb.sk\\\/2022\\\/#organization\",\"name\":\"SSKB SLS\",\"url\":\"https:\\\/\\\/www.sskb.sk\\\/2022\\\/\",\"logo\":{\"@type\":\"ImageObject\",\"inLanguage\":\"sk-SK\",\"@id\":\"https:\\\/\\\/www.sskb.sk\\\/2022\\\/#\\\/schema\\\/logo\\\/image\\\/\",\"url\":\"https:\\\/\\\/www.sskb.sk\\\/2022\\\/wp-content\\\/uploads\\\/2022\\\/09\\\/logo_klinicka-biochemia_SK-100.png\",\"contentUrl\":\"https:\\\/\\\/www.sskb.sk\\\/2022\\\/wp-content\\\/uploads\\\/2022\\\/09\\\/logo_klinicka-biochemia_SK-100.png\",\"width\":100,\"height\":98,\"caption\":\"SSKB SLS\"},\"image\":{\"@id\":\"https:\\\/\\\/www.sskb.sk\\\/2022\\\/#\\\/schema\\\/logo\\\/image\\\/\"}}]}<\/script>\n<!-- \/ Yoast SEO plugin. -->","yoast_head_json":{"title":"XV. Kongres SSKB - Registr\u00e1cia - SSKB SLS","robots":{"index":"index","follow":"follow","max-snippet":"max-snippet:-1","max-image-preview":"max-image-preview:large","max-video-preview":"max-video-preview:-1"},"canonical":"https:\/\/www.sskb.sk\/2022\/kongres-2024-reg\/","og_locale":"sk_SK","og_type":"article","og_title":"XV. Kongres SSKB - Registr\u00e1cia - SSKB SLS","og_description":"Loading Online predaj vstupeniek, please wait&#8230;","og_url":"https:\/\/www.sskb.sk\/2022\/kongres-2024-reg\/","og_site_name":"SSKB SLS","article_modified_time":"2024-08-09T07:22:51+00:00","twitter_card":"summary_large_image","twitter_misc":{"Predpokladan\u00fd \u010das \u010d\u00edtania":"1 min\u00fata"},"schema":{"@context":"https:\/\/schema.org","@graph":[{"@type":"WebPage","@id":"https:\/\/www.sskb.sk\/2022\/kongres-2024-reg\/","url":"https:\/\/www.sskb.sk\/2022\/kongres-2024-reg\/","name":"XV. Kongres SSKB - Registr\u00e1cia - SSKB SLS","isPartOf":{"@id":"https:\/\/www.sskb.sk\/2022\/#website"},"datePublished":"2023-07-18T13:10:25+00:00","dateModified":"2024-08-09T07:22:51+00:00","breadcrumb":{"@id":"https:\/\/www.sskb.sk\/2022\/kongres-2024-reg\/#breadcrumb"},"inLanguage":"sk-SK","potentialAction":[{"@type":"ReadAction","target":["https:\/\/www.sskb.sk\/2022\/kongres-2024-reg\/"]}]},{"@type":"BreadcrumbList","@id":"https:\/\/www.sskb.sk\/2022\/kongres-2024-reg\/#breadcrumb","itemListElement":[{"@type":"ListItem","position":1,"name":"Domovsk\u00e1 str\u00e1nka","item":"https:\/\/www.sskb.sk\/2022\/"},{"@type":"ListItem","position":2,"name":"XV. Kongres SSKB &#8211; Registr\u00e1cia"}]},{"@type":"WebSite","@id":"https:\/\/www.sskb.sk\/2022\/#website","url":"https:\/\/www.sskb.sk\/2022\/","name":"SSKB SLS","description":"Slovensk\u00e1 spolo\u010dnos\u0165 klinickej bioch\u00e9mie","publisher":{"@id":"https:\/\/www.sskb.sk\/2022\/#organization"},"potentialAction":[{"@type":"SearchAction","target":{"@type":"EntryPoint","urlTemplate":"https:\/\/www.sskb.sk\/2022\/?s={search_term_string}"},"query-input":{"@type":"PropertyValueSpecification","valueRequired":true,"valueName":"search_term_string"}}],"inLanguage":"sk-SK"},{"@type":"Organization","@id":"https:\/\/www.sskb.sk\/2022\/#organization","name":"SSKB SLS","url":"https:\/\/www.sskb.sk\/2022\/","logo":{"@type":"ImageObject","inLanguage":"sk-SK","@id":"https:\/\/www.sskb.sk\/2022\/#\/schema\/logo\/image\/","url":"https:\/\/www.sskb.sk\/2022\/wp-content\/uploads\/2022\/09\/logo_klinicka-biochemia_SK-100.png","contentUrl":"https:\/\/www.sskb.sk\/2022\/wp-content\/uploads\/2022\/09\/logo_klinicka-biochemia_SK-100.png","width":100,"height":98,"caption":"SSKB SLS"},"image":{"@id":"https:\/\/www.sskb.sk\/2022\/#\/schema\/logo\/image\/"}}]}},"_links":{"self":[{"href":"https:\/\/www.sskb.sk\/2022\/wp-json\/wp\/v2\/pages\/8148","targetHints":{"allow":["GET"]}}],"collection":[{"href":"https:\/\/www.sskb.sk\/2022\/wp-json\/wp\/v2\/pages"}],"about":[{"href":"https:\/\/www.sskb.sk\/2022\/wp-json\/wp\/v2\/types\/page"}],"author":[{"embeddable":true,"href":"https:\/\/www.sskb.sk\/2022\/wp-json\/wp\/v2\/users\/1"}],"replies":[{"embeddable":true,"href":"https:\/\/www.sskb.sk\/2022\/wp-json\/wp\/v2\/comments?post=8148"}],"version-history":[{"count":3,"href":"https:\/\/www.sskb.sk\/2022\/wp-json\/wp\/v2\/pages\/8148\/revisions"}],"predecessor-version":[{"id":9295,"href":"https:\/\/www.sskb.sk\/2022\/wp-json\/wp\/v2\/pages\/8148\/revisions\/9295"}],"wp:attachment":[{"href":"https:\/\/www.sskb.sk\/2022\/wp-json\/wp\/v2\/media?parent=8148"}],"curies":[{"name":"wp","href":"https:\/\/api.w.org\/{rel}","templated":true}]}}